{"id":51,"date":"2019-04-09T15:07:24","date_gmt":"2019-04-09T15:07:24","guid":{"rendered":"http:\/\/2hands4you.de\/?page_id=51"},"modified":"2019-04-26T09:38:38","modified_gmt":"2019-04-26T09:38:38","slug":"massagen","status":"publish","type":"page","link":"https:\/\/2hands4you.de\/?page_id=51","title":{"rendered":"Massagen"},"content":{"rendered":"\n<p style=\"text-align:center\">Genie\u00dfen Sie das totale Wohlf\u00fchl-Programm! Die Massage ist eines der \u00e4ltesten Heilmittel der Menschheit. Sie befreit von Verspannungen und Blockaden und sorgt dabei f\u00fcr neues Wohlbefinden. Muskeln werden gelockert und gedehnt, der gesamte Organismus wird aktiviert. Danach f\u00fchlen Sie sich frisch, gest\u00e4rkt und unglaublich aktiv.<\/p>\n\n\n\n<p style=\"text-align:center\">Meine Angebote f\u00fcr Sie:<br><br> med. Massagen f\u00fcr Babys, Kinder und Erwachsene, Wellness\/ Wohlf\u00fchlmassagen, Aroma\u00f6lanwendungen, <br>Raindrop Sportbehandlungen und Muskelaufbautraining manuelle Lymphdrainage &amp; Kompressionstherapie<\/p>\n\n\n\n<div class=\"wp-block-image\"><figure class=\"aligncenter\"><img decoding=\"async\" loading=\"lazy\" width=\"152\" height=\"136\" src=\"http:\/\/2hands4you.de\/wp-content\/uploads\/2019\/04\/image388.jpg\" alt=\"\" class=\"wp-image-98\"\/><\/figure><\/div>\n\n\n\n<div class=\"wp-block-image\"><figure class=\"aligncenter\"><img decoding=\"async\" loading=\"lazy\" width=\"174\" height=\"131\" src=\"http:\/\/2hands4you.de\/wp-content\/uploads\/2019\/04\/image390.jpg\" alt=\"\" class=\"wp-image-99\"\/><\/figure><\/div>\n","protected":false},"excerpt":{"rendered":"<p>Genie\u00dfen Sie das totale Wohlf\u00fchl-Programm! Die Massage ist eines der \u00e4ltesten Heilmittel der Menschheit. Sie befreit von Verspannungen und Blockaden und sorgt dabei f\u00fcr neues Wohlbefinden. Muskeln werden gelockert und gedehnt, der gesamte Organismus wird aktiviert. Danach f\u00fchlen Sie sich frisch, gest\u00e4rkt und unglaublich aktiv. Meine Angebote f\u00fcr Sie: med. Massagen f\u00fcr Babys, Kinder und&#8230;<\/p>\n<p class=\"more-link\"><a href=\"https:\/\/2hands4you.de\/?page_id=51\"><span>Read More<\/span><i>&#43;<\/i><\/a><\/p>\n","protected":false},"author":1,"featured_media":0,"parent":0,"menu_order":0,"comment_status":"closed","ping_status":"closed","template":"","meta":[],"_links":{"self":[{"href":"https:\/\/2hands4you.de\/index.php?rest_route=\/wp\/v2\/pages\/51"}],"collection":[{"href":"https:\/\/2hands4you.de\/index.php?rest_route=\/wp\/v2\/pages"}],"about":[{"href":"https:\/\/2hands4you.de\/index.php?rest_route=\/wp\/v2\/types\/page"}],"author":[{"embeddable":true,"href":"https:\/\/2hands4you.de\/index.php?rest_route=\/wp\/v2\/users\/1"}],"replies":[{"embeddable":true,"href":"https:\/\/2hands4you.de\/index.php?rest_route=%2Fwp%2Fv2%2Fcomments&post=51"}],"version-history":[{"count":5,"href":"https:\/\/2hands4you.de\/index.php?rest_route=\/wp\/v2\/pages\/51\/revisions"}],"predecessor-version":[{"id":126,"href":"https:\/\/2hands4you.de\/index.php?rest_route=\/wp\/v2\/pages\/51\/revisions\/126"}],"wp:attachment":[{"href":"https:\/\/2hands4you.de\/index.php?rest_route=%2Fwp%2Fv2%2Fmedia&parent=51"}],"curies":[{"name":"wp","href":"https:\/\/api.w.org\/{rel}","templated":true}]}}