{"id":49,"date":"2019-04-09T15:07:23","date_gmt":"2019-04-09T15:07:23","guid":{"rendered":"http:\/\/2hands4you.de\/?page_id=49"},"modified":"2019-04-26T09:34:24","modified_gmt":"2019-04-26T09:34:24","slug":"gesichts-und-koerperpflege","status":"publish","type":"page","link":"https:\/\/2hands4you.de\/?page_id=49","title":{"rendered":"Gesichts- und K\u00f6rperpflege"},"content":{"rendered":"\n<p style=\"text-align:center\">G\u00f6nnen Sie Ihrer Haut doch mal die Pflege, die sie verdient! Als erfahrene Hautpflegeberaterin wei\u00df ich, wie wertvoll die Auswahl und Anwendung der richtigen Hautpflegeprodukte ist. Abgestimmt auf Ihren Hauttyp und die speziellen Bed\u00fcrfnisse werden Sie vom Ergebnis der Behandlung begeistert sein. Ihre Haut ist danach j\u00fcnger, frischer und viel ges\u00fcnder als zuvor.<\/p>\n\n\n\n<p style=\"text-align:center\">G\u00f6nnen Sie Ihrer Haut doch mal die Pflege, die sie verdient! Als erfahrene Hautpflegeberaterin wei\u00df\u009f ich, wie wertvoll die Auswahl und Anwendung der richtigen Hautpflegeprodukte ist.<br>\nAbgestimmt auf Ihren Hauttyp und die speziellen Bed\u00fcrfnisse werden Sie vom Ergebnis der Behandlung begeistert sein. Ihre Haut ist danach j\u00fcnger, frischer und viel ges\u00c3\u00bcnder als zuvor.<\/p>\n\n\n\n<p style=\"text-align:center\">Meine Angebote f\u00fcr ihren K\u00f6rper:<\/p>\n\n\n\n<p style=\"text-align:center\">Hautanalyse. Hautpflegeberatung, Hautverfeinerung und Erneuerung, Narbenbehandlung, Hauttiefenreinigung und Pflege, Sonnenschutzpflege, Masken und Packungen, Haarentfernung<\/p>\n\n\n\n<div class=\"wp-block-image\"><figure class=\"aligncenter\"><img decoding=\"async\" loading=\"lazy\" width=\"309\" height=\"218\" src=\"http:\/\/2hands4you.de\/wp-content\/uploads\/2019\/04\/image384.jpg\" alt=\"\" class=\"wp-image-27\" srcset=\"https:\/\/2hands4you.de\/wp-content\/uploads\/2019\/04\/image384.jpg 309w, https:\/\/2hands4you.de\/wp-content\/uploads\/2019\/04\/image384-300x212.jpg 300w\" sizes=\"(max-width: 309px) 100vw, 309px\" \/><\/figure><\/div>\n","protected":false},"excerpt":{"rendered":"<p>G\u00f6nnen Sie Ihrer Haut doch mal die Pflege, die sie verdient! Als erfahrene Hautpflegeberaterin wei\u00df ich, wie wertvoll die Auswahl und Anwendung der richtigen Hautpflegeprodukte ist. Abgestimmt auf Ihren Hauttyp und die speziellen Bed\u00fcrfnisse werden Sie vom Ergebnis der Behandlung begeistert sein. Ihre Haut ist danach j\u00fcnger, frischer und viel ges\u00fcnder als zuvor. G\u00f6nnen Sie&#8230;<\/p>\n<p class=\"more-link\"><a href=\"https:\/\/2hands4you.de\/?page_id=49\"><span>Read More<\/span><i>&#43;<\/i><\/a><\/p>\n","protected":false},"author":1,"featured_media":0,"parent":0,"menu_order":0,"comment_status":"closed","ping_status":"closed","template":"","meta":[],"_links":{"self":[{"href":"https:\/\/2hands4you.de\/index.php?rest_route=\/wp\/v2\/pages\/49"}],"collection":[{"href":"https:\/\/2hands4you.de\/index.php?rest_route=\/wp\/v2\/pages"}],"about":[{"href":"https:\/\/2hands4you.de\/index.php?rest_route=\/wp\/v2\/types\/page"}],"author":[{"embeddable":true,"href":"https:\/\/2hands4you.de\/index.php?rest_route=\/wp\/v2\/users\/1"}],"replies":[{"embeddable":true,"href":"https:\/\/2hands4you.de\/index.php?rest_route=%2Fwp%2Fv2%2Fcomments&post=49"}],"version-history":[{"count":4,"href":"https:\/\/2hands4you.de\/index.php?rest_route=\/wp\/v2\/pages\/49\/revisions"}],"predecessor-version":[{"id":122,"href":"https:\/\/2hands4you.de\/index.php?rest_route=\/wp\/v2\/pages\/49\/revisions\/122"}],"wp:attachment":[{"href":"https:\/\/2hands4you.de\/index.php?rest_route=%2Fwp%2Fv2%2Fmedia&parent=49"}],"curies":[{"name":"wp","href":"https:\/\/api.w.org\/{rel}","templated":true}]}}