{"id":47,"date":"2019-04-09T15:07:23","date_gmt":"2019-04-09T15:07:23","guid":{"rendered":"http:\/\/2hands4you.de\/?page_id=47"},"modified":"2019-04-26T09:29:59","modified_gmt":"2019-04-26T09:29:59","slug":"hand-nagelpflege","status":"publish","type":"page","link":"https:\/\/2hands4you.de\/?page_id=47","title":{"rendered":"Hand-\/Nagelpflege"},"content":{"rendered":"\n<p style=\"text-align:center\">Sch\u00f6ne und gepflegte H\u00e4nde geh\u00f6ren zu einem gesunden K\u00f6rper und sind wichtig f\u00fcr Ihren privaten und beruflichen Erfolg sowie Ihr Wohlbefinden.<\/p>\n\n\n\n<p style=\"text-align:center\">Sch\u00f6ne und gepflegte H\u00e4nde geh\u00f6ren zu einem gesunden K\u00f6rper und sind wichtig f\u00fcr Ihren privaten und beruflichen Erfolg sowie Ihr Wohlbefinden!<\/p>\n\n\n\n<p style=\"text-align:center\">Lassen Sie Ihre H\u00e4nde einmal so richtig verw\u00f6hnen, denn durch die t\u00e4glichen T\u00e4tigkeiten, bei denen sie uns stets behilflich sind, werden sie teilweise stark beabsprucht und haben sich eine Auszeit verdient.<\/p>\n\n\n\n<p style=\"text-align:center\">Meine Angebote f\u00fcr ihre H\u00e4nde:<br>Handbad, &#8211; Peeling,- Handmassage\/Handreflexzonenmassage, &#8211; spezielle Hautpflege, &#8211; Nagelbearbeitung<\/p>\n\n\n\n<div class=\"wp-block-image\"><figure class=\"aligncenter\"><img decoding=\"async\" loading=\"lazy\" width=\"288\" height=\"192\" src=\"http:\/\/2hands4you.de\/wp-content\/uploads\/2019\/04\/image380.jpg\" alt=\"\" class=\"wp-image-24\"\/><\/figure><\/div>\n","protected":false},"excerpt":{"rendered":"<p>Sch\u00f6ne und gepflegte H\u00e4nde geh\u00f6ren zu einem gesunden K\u00f6rper und sind wichtig f\u00fcr Ihren privaten und beruflichen Erfolg sowie Ihr Wohlbefinden. Sch\u00f6ne und gepflegte H\u00e4nde geh\u00f6ren zu einem gesunden K\u00f6rper und sind wichtig f\u00fcr Ihren privaten und beruflichen Erfolg sowie Ihr Wohlbefinden! Lassen Sie Ihre H\u00e4nde einmal so richtig verw\u00f6hnen, denn durch die t\u00e4glichen T\u00e4tigkeiten,&#8230;<\/p>\n<p class=\"more-link\"><a href=\"https:\/\/2hands4you.de\/?page_id=47\"><span>Read More<\/span><i>&#43;<\/i><\/a><\/p>\n","protected":false},"author":1,"featured_media":0,"parent":0,"menu_order":0,"comment_status":"closed","ping_status":"closed","template":"","meta":[],"_links":{"self":[{"href":"https:\/\/2hands4you.de\/index.php?rest_route=\/wp\/v2\/pages\/47"}],"collection":[{"href":"https:\/\/2hands4you.de\/index.php?rest_route=\/wp\/v2\/pages"}],"about":[{"href":"https:\/\/2hands4you.de\/index.php?rest_route=\/wp\/v2\/types\/page"}],"author":[{"embeddable":true,"href":"https:\/\/2hands4you.de\/index.php?rest_route=\/wp\/v2\/users\/1"}],"replies":[{"embeddable":true,"href":"https:\/\/2hands4you.de\/index.php?rest_route=%2Fwp%2Fv2%2Fcomments&post=47"}],"version-history":[{"count":5,"href":"https:\/\/2hands4you.de\/index.php?rest_route=\/wp\/v2\/pages\/47\/revisions"}],"predecessor-version":[{"id":119,"href":"https:\/\/2hands4you.de\/index.php?rest_route=\/wp\/v2\/pages\/47\/revisions\/119"}],"wp:attachment":[{"href":"https:\/\/2hands4you.de\/index.php?rest_route=%2Fwp%2Fv2%2Fmedia&parent=47"}],"curies":[{"name":"wp","href":"https:\/\/api.w.org\/{rel}","templated":true}]}}